{"id":10312,"date":"2017-10-09T07:10:00","date_gmt":"2017-10-09T10:10:00","guid":{"rendered":"http:\/\/www.sitenovo.provisorio.ws\/site\/?page_id=10312"},"modified":"2023-08-30T13:09:51","modified_gmt":"2023-08-30T13:09:51","slug":"para-voce","status":"publish","type":"page","link":"https:\/\/viacaolimaesilva.com.br\/?page_id=10312","title":{"rendered":"Para voc\u00ea"},"content":{"rendered":"\t\t<div data-elementor-type=\"wp-page\" data-elementor-id=\"10312\" class=\"elementor elementor-10312\" data-elementor-post-type=\"page\">\n\t\t\t\t\t\t<section class=\"elementor-section elementor-top-section elementor-element elementor-element-2c3dbd1a elementor-section-height-min-height elementor-section-boxed elementor-section-height-default elementor-section-items-middle\" data-id=\"2c3dbd1a\" data-element_type=\"section\" data-settings=\"{&quot;background_background&quot;:&quot;classic&quot;}\">\n\t\t\t\t\t\t\t<div class=\"elementor-background-overlay\"><\/div>\n\t\t\t\t\t\t\t<div class=\"elementor-container elementor-column-gap-default\">\n\t\t\t\t\t<div class=\"elementor-column elementor-col-100 elementor-top-column elementor-element elementor-element-1dc4f6e3\" data-id=\"1dc4f6e3\" data-element_type=\"column\">\n\t\t\t<div class=\"elementor-widget-wrap elementor-element-populated\">\n\t\t\t\t\t\t<div class=\"elementor-element elementor-element-4e13f71d elementor-headline--style-highlight elementor-widget elementor-widget-animated-headline\" data-id=\"4e13f71d\" data-element_type=\"widget\" data-settings=\"{&quot;marker&quot;:&quot;underline&quot;,&quot;highlighted_text&quot;:&quot;Para voc\\u00ea&quot;,&quot;headline_style&quot;:&quot;highlight&quot;,&quot;loop&quot;:&quot;yes&quot;,&quot;highlight_animation_duration&quot;:1200,&quot;highlight_iteration_delay&quot;:8000}\" data-widget_type=\"animated-headline.default\">\n\t\t\t\t<div class=\"elementor-widget-container\">\n\t\t\t\t\t\t\t<h3 class=\"elementor-headline\">\n\t\t\t\t<span class=\"elementor-headline-dynamic-wrapper elementor-headline-text-wrapper\">\n\t\t\t\t\t<span class=\"elementor-headline-dynamic-text elementor-headline-text-active\">Para voc\u00ea<\/span>\n\t\t\t\t<\/span>\n\t\t\t\t<\/h3>\n\t\t\t\t\t\t<\/div>\n\t\t\t\t<\/div>\n\t\t\t\t\t<\/div>\n\t\t<\/div>\n\t\t\t\t\t<\/div>\n\t\t<\/section>\n\t\t\t\t<section class=\"elementor-section elementor-top-section elementor-element elementor-element-4f7bf2df elementor-section-boxed elementor-section-height-default elementor-section-height-default\" data-id=\"4f7bf2df\" data-element_type=\"section\">\n\t\t\t\t\t\t<div class=\"elementor-container elementor-column-gap-default\">\n\t\t\t\t\t<div class=\"elementor-column elementor-col-100 elementor-top-column elementor-element elementor-element-6c7060bf\" data-id=\"6c7060bf\" data-element_type=\"column\">\n\t\t\t<div class=\"elementor-widget-wrap elementor-element-populated\">\n\t\t\t\t\t\t<div class=\"elementor-element elementor-element-7f970a55 elementor-widget elementor-widget-text-editor\" data-id=\"7f970a55\" data-element_type=\"widget\" data-widget_type=\"text-editor.default\">\n\t\t\t\t<div class=\"elementor-widget-container\">\n\t\t\t\t\t\t\t\t\t<h3><span style=\"color: #ea3639;\"><strong>Obrigado<\/strong><\/span> por voc\u00ea chegar at\u00e9 aqui. Nossa equipe de vendas est\u00e1 pronto para atend\u00ea-lo!<\/h3>\t\t\t\t\t\t\t\t<\/div>\n\t\t\t\t<\/div>\n\t\t\t\t\t<\/div>\n\t\t<\/div>\n\t\t\t\t\t<\/div>\n\t\t<\/section>\n\t\t\t\t<section class=\"elementor-section elementor-top-section elementor-element elementor-element-775afe7e elementor-section-boxed elementor-section-height-default elementor-section-height-default\" data-id=\"775afe7e\" data-element_type=\"section\" data-settings=\"{&quot;background_background&quot;:&quot;classic&quot;}\">\n\t\t\t\t\t\t\t<div class=\"elementor-background-overlay\"><\/div>\n\t\t\t\t\t\t\t<div class=\"elementor-container elementor-column-gap-default\">\n\t\t\t\t\t<div class=\"elementor-column elementor-col-100 elementor-top-column elementor-element elementor-element-70c00e73\" data-id=\"70c00e73\" data-element_type=\"column\">\n\t\t\t<div class=\"elementor-widget-wrap elementor-element-populated\">\n\t\t\t\t\t\t<div class=\"elementor-element elementor-element-7a4c184f elementor-widget elementor-widget-jkit_heading\" data-id=\"7a4c184f\" data-element_type=\"widget\" data-widget_type=\"jkit_heading.default\">\n\t\t\t\t<div class=\"elementor-widget-container\">\n\t\t\t\t\t<div  class=\"jeg-elementor-kit jkit-heading  align-center align-tablet-center align-mobile-center jeg_module___69e226a2cbae0\" ><div class=\"heading-section-title  display-inline-block\"><h2 class=\"heading-title\">Veja algumas das solu\u00e7\u00f5es que temos para <span class=\"style-color\"><span>voc\u00ea:<\/span><\/span><\/h2><\/div><\/div>\t\t\t\t<\/div>\n\t\t\t\t<\/div>\n\t\t\t\t<section class=\"elementor-section elementor-inner-section elementor-element elementor-element-539f1137 animated-slow elementor-section-boxed elementor-section-height-default elementor-section-height-default elementor-invisible\" data-id=\"539f1137\" data-element_type=\"section\" data-settings=\"{&quot;animation&quot;:&quot;fadeInUp&quot;}\">\n\t\t\t\t\t\t<div class=\"elementor-container elementor-column-gap-no\">\n\t\t\t\t\t<div class=\"elementor-column elementor-col-33 elementor-inner-column elementor-element elementor-element-79dcc3da\" data-id=\"79dcc3da\" data-element_type=\"column\">\n\t\t\t<div class=\"elementor-widget-wrap elementor-element-populated\">\n\t\t\t\t\t\t<div class=\"elementor-element elementor-element-f6eb2db jkit-equal-height-disable elementor-widget elementor-widget-jkit_icon_box\" data-id=\"f6eb2db\" data-element_type=\"widget\" data-widget_type=\"jkit_icon_box.default\">\n\t\t\t\t<div class=\"elementor-widget-container\">\n\t\t\t\t\t<div  class=\"jeg-elementor-kit jkit-icon-box icon-position- elementor-animation- jeg_module__1_69e226a2d8ebd\" ><div class=\"jkit-icon-box-wrapper hover-from-bottom\"><div class=\"icon-box icon-box-header elementor-animation-\"><div class=\"icon style-color\"><i aria-hidden=\"true\" class=\"jki jki-photo-camera1-light\"><\/i><\/div><\/div><div class=\"icon-box icon-box-body\">\n                <h3 class=\"title\">Excurs\u00f5es<\/h3><p class=\"icon-box-description\">\nTransporte de passageiros para viagens municipais, estaduais e interestaduais. Fa\u00e7a desse dia um dia inesquec\u00edvel!<\/p><div class=\"icon-box-button \">\n                <div class=\"btn-wrapper icon-position-after\">\n                    <a href=\"\/#orcamento\" class=\"icon-box-link\" aria-label=\"Or\u00e7amento\">Or\u00e7amento<svg viewBox=\"0 0 448 512\" xmlns=\"http:\/\/www.w3.org\/2000\/svg\"><path d=\"M190.5 66.9l22.2-22.2c9.4-9.4 24.6-9.4 33.9 0L441 239c9.4 9.4 9.4 24.6 0 33.9L246.6 467.3c-9.4 9.4-24.6 9.4-33.9 0l-22.2-22.2c-9.5-9.5-9.3-25 .4-34.3L311.4 296H24c-13.3 0-24-10.7-24-24v-32c0-13.3 10.7-24 24-24h287.4L190.9 101.2c-9.8-9.3-10-24.8-.4-34.3z\"><\/path><\/svg><\/a>\n                <\/div>\n            <\/div>\n            <\/div>\n            \n            <\/div><\/div>\t\t\t\t<\/div>\n\t\t\t\t<\/div>\n\t\t\t\t\t<\/div>\n\t\t<\/div>\n\t\t\t\t<div class=\"elementor-column elementor-col-33 elementor-inner-column elementor-element elementor-element-22b35206\" data-id=\"22b35206\" data-element_type=\"column\">\n\t\t\t<div class=\"elementor-widget-wrap elementor-element-populated\">\n\t\t\t\t\t\t<div class=\"elementor-element elementor-element-299b2151 jkit-equal-height-disable elementor-widget elementor-widget-jkit_icon_box\" data-id=\"299b2151\" data-element_type=\"widget\" data-widget_type=\"jkit_icon_box.default\">\n\t\t\t\t<div class=\"elementor-widget-container\">\n\t\t\t\t\t<div  class=\"jeg-elementor-kit jkit-icon-box icon-position- elementor-animation- jeg_module__2_69e226a2db4df\" ><div class=\"jkit-icon-box-wrapper hover-from-bottom\"><div class=\"icon-box icon-box-header elementor-animation-\"><div class=\"icon style-color\"><svg aria-hidden=\"true\" class=\"e-font-icon-svg e-fas-graduation-cap\" viewBox=\"0 0 640 512\" xmlns=\"http:\/\/www.w3.org\/2000\/svg\"><path d=\"M622.34 153.2L343.4 67.5c-15.2-4.67-31.6-4.67-46.79 0L17.66 153.2c-23.54 7.23-23.54 38.36 0 45.59l48.63 14.94c-10.67 13.19-17.23 29.28-17.88 46.9C38.78 266.15 32 276.11 32 288c0 10.78 5.68 19.85 13.86 25.65L20.33 428.53C18.11 438.52 25.71 448 35.94 448h56.11c10.24 0 17.84-9.48 15.62-19.47L82.14 313.65C90.32 307.85 96 298.78 96 288c0-11.57-6.47-21.25-15.66-26.87.76-15.02 8.44-28.3 20.69-36.72L296.6 284.5c9.06 2.78 26.44 6.25 46.79 0l278.95-85.7c23.55-7.24 23.55-38.36 0-45.6zM352.79 315.09c-28.53 8.76-52.84 3.92-65.59 0l-145.02-44.55L128 384c0 35.35 85.96 64 192 64s192-28.65 192-64l-14.18-113.47-145.03 44.56z\"><\/path><\/svg><\/div><\/div><div class=\"icon-box icon-box-body\">\n                <h3 class=\"title\">Estudantes<\/h3><p class=\"icon-box-description\">Transporte de passageiros para estudantes. Invista na seguran\u00e7a e conforto dos seus filhos, n\u00e3o deixe de fazer um or\u00e7amento agora!<\/p><div class=\"icon-box-button \">\n                <div class=\"btn-wrapper icon-position-after\">\n                    <a href=\"\/#orcamento\" class=\"icon-box-link\" aria-label=\"Or\u00e7amento\">Or\u00e7amento<svg viewBox=\"0 0 448 512\" xmlns=\"http:\/\/www.w3.org\/2000\/svg\"><path d=\"M190.5 66.9l22.2-22.2c9.4-9.4 24.6-9.4 33.9 0L441 239c9.4 9.4 9.4 24.6 0 33.9L246.6 467.3c-9.4 9.4-24.6 9.4-33.9 0l-22.2-22.2c-9.5-9.5-9.3-25 .4-34.3L311.4 296H24c-13.3 0-24-10.7-24-24v-32c0-13.3 10.7-24 24-24h287.4L190.9 101.2c-9.8-9.3-10-24.8-.4-34.3z\"><\/path><\/svg><\/a>\n                <\/div>\n            <\/div>\n            <\/div>\n            \n            <\/div><\/div>\t\t\t\t<\/div>\n\t\t\t\t<\/div>\n\t\t\t\t\t<\/div>\n\t\t<\/div>\n\t\t\t\t<div class=\"elementor-column elementor-col-33 elementor-inner-column elementor-element elementor-element-192b6fc6\" data-id=\"192b6fc6\" data-element_type=\"column\">\n\t\t\t<div class=\"elementor-widget-wrap elementor-element-populated\">\n\t\t\t\t\t\t<div class=\"elementor-element elementor-element-a64fa0b jkit-equal-height-disable elementor-widget elementor-widget-jkit_icon_box\" data-id=\"a64fa0b\" data-element_type=\"widget\" data-widget_type=\"jkit_icon_box.default\">\n\t\t\t\t<div class=\"elementor-widget-container\">\n\t\t\t\t\t<div  class=\"jeg-elementor-kit jkit-icon-box icon-position- elementor-animation- jeg_module__3_69e226a2dcfdd\" ><div class=\"jkit-icon-box-wrapper hover-from-bottom\"><div class=\"icon-box icon-box-header elementor-animation-\"><div class=\"icon style-color\"><i aria-hidden=\"true\" class=\"jki jki-car-2-light\"><\/i><\/div><\/div><div class=\"icon-box icon-box-body\">\n                <h3 class=\"title\">Carros Leves<\/h3><p class=\"icon-box-description\">Transporte de passageiros para viagens de Translado, Receptivo de Aeroporto etc. Ligamos voc\u00ea ao seu destino com agilidade e conforto!<\/p><div class=\"icon-box-button \">\n                <div class=\"btn-wrapper icon-position-after\">\n                    <a href=\"\/#orcamento\" class=\"icon-box-link\" aria-label=\"Or\u00e7amento\">Or\u00e7amento<svg viewBox=\"0 0 448 512\" xmlns=\"http:\/\/www.w3.org\/2000\/svg\"><path d=\"M190.5 66.9l22.2-22.2c9.4-9.4 24.6-9.4 33.9 0L441 239c9.4 9.4 9.4 24.6 0 33.9L246.6 467.3c-9.4 9.4-24.6 9.4-33.9 0l-22.2-22.2c-9.5-9.5-9.3-25 .4-34.3L311.4 296H24c-13.3 0-24-10.7-24-24v-32c0-13.3 10.7-24 24-24h287.4L190.9 101.2c-9.8-9.3-10-24.8-.4-34.3z\"><\/path><\/svg><\/a>\n                <\/div>\n            <\/div>\n            <\/div>\n            \n            <\/div><\/div>\t\t\t\t<\/div>\n\t\t\t\t<\/div>\n\t\t\t\t\t<\/div>\n\t\t<\/div>\n\t\t\t\t\t<\/div>\n\t\t<\/section>\n\t\t\t\t\t<\/div>\n\t\t<\/div>\n\t\t\t\t\t<\/div>\n\t\t<\/section>\n\t\t\t\t<\/div>\n\t\t","protected":false},"excerpt":{"rendered":"<p>Obrigado por voc\u00ea chegar at\u00e9 aqui. Nossa equipe de vendas est\u00e1 pronto para atend\u00ea-lo! Veja algumas das solu\u00e7\u00f5es que temos para voc\u00ea: Excurs\u00f5es Transporte de passageiros para viagens municipais, estaduais e interestaduais. Fa\u00e7a desse dia um dia inesquec\u00edvel! Or\u00e7amento Estudantes Transporte de passageiros para estudantes. Invista na seguran\u00e7a e conforto dos seus filhos, n\u00e3o deixe [&hellip;]<\/p>\n","protected":false},"author":2,"featured_media":0,"parent":0,"menu_order":0,"comment_status":"closed","ping_status":"closed","template":"elementor_header_footer","meta":{"footnotes":""},"class_list":["post-10312","page","type-page","status-publish","hentry"],"yoast_head":"<!-- This site is optimized with the Yoast SEO plugin v25.4 - https:\/\/yoast.com\/wordpress\/plugins\/seo\/ -->\n<title>Para voc\u00ea - Fretamento de \u00d4nibus<\/title>\n<meta name=\"robots\" content=\"noindex, follow, max-snippet:-1, max-image-preview:large, max-video-preview:-1\" \/>\n<meta property=\"og:locale\" content=\"pt_BR\" \/>\n<meta property=\"og:type\" content=\"article\" \/>\n<meta property=\"og:title\" content=\"Para voc\u00ea - Fretamento de \u00d4nibus\" \/>\n<meta property=\"og:description\" content=\"Obrigado por voc\u00ea chegar at\u00e9 aqui. Nossa equipe de vendas est\u00e1 pronto para atend\u00ea-lo! Veja algumas das solu\u00e7\u00f5es que temos para voc\u00ea: Excurs\u00f5es Transporte de passageiros para viagens municipais, estaduais e interestaduais. Fa\u00e7a desse dia um dia inesquec\u00edvel! Or\u00e7amento Estudantes Transporte de passageiros para estudantes. Invista na seguran\u00e7a e conforto dos seus filhos, n\u00e3o deixe [&hellip;]\" \/>\n<meta property=\"og:url\" content=\"https:\/\/viacaolimaesilva.com.br\/?page_id=10312\" \/>\n<meta property=\"og:site_name\" content=\"Fretamento de \u00d4nibus\" \/>\n<meta property=\"article:modified_time\" content=\"2023-08-30T13:09:51+00:00\" \/>\n<meta name=\"twitter:card\" content=\"summary_large_image\" \/>\n<meta name=\"twitter:label1\" content=\"Est. tempo de leitura\" \/>\n\t<meta name=\"twitter:data1\" content=\"1 minuto\" \/>\n<script type=\"application\/ld+json\" class=\"yoast-schema-graph\">{\"@context\":\"https:\/\/schema.org\",\"@graph\":[{\"@type\":\"WebPage\",\"@id\":\"https:\/\/viacaolimaesilva.com.br\/?page_id=10312\",\"url\":\"https:\/\/viacaolimaesilva.com.br\/?page_id=10312\",\"name\":\"Para voc\u00ea - Fretamento de \u00d4nibus\",\"isPartOf\":{\"@id\":\"https:\/\/viacaolimaesilva.com.br\/#website\"},\"datePublished\":\"2017-10-09T10:10:00+00:00\",\"dateModified\":\"2023-08-30T13:09:51+00:00\",\"breadcrumb\":{\"@id\":\"https:\/\/viacaolimaesilva.com.br\/?page_id=10312#breadcrumb\"},\"inLanguage\":\"pt-BR\",\"potentialAction\":[{\"@type\":\"ReadAction\",\"target\":[\"https:\/\/viacaolimaesilva.com.br\/?page_id=10312\"]}]},{\"@type\":\"BreadcrumbList\",\"@id\":\"https:\/\/viacaolimaesilva.com.br\/?page_id=10312#breadcrumb\",\"itemListElement\":[{\"@type\":\"ListItem\",\"position\":1,\"name\":\"In\u00edcio\",\"item\":\"https:\/\/viacaolimaesilva.com.br\/\"},{\"@type\":\"ListItem\",\"position\":2,\"name\":\"Para voc\u00ea\"}]},{\"@type\":\"WebSite\",\"@id\":\"https:\/\/viacaolimaesilva.com.br\/#website\",\"url\":\"https:\/\/viacaolimaesilva.com.br\/\",\"name\":\"Fretamento de \u00d4nibus\",\"description\":\"Fretamento de \u00d4nibus, Micro e Vans.\",\"potentialAction\":[{\"@type\":\"SearchAction\",\"target\":{\"@type\":\"EntryPoint\",\"urlTemplate\":\"https:\/\/viacaolimaesilva.com.br\/?s={search_term_string}\"},\"query-input\":{\"@type\":\"PropertyValueSpecification\",\"valueRequired\":true,\"valueName\":\"search_term_string\"}}],\"inLanguage\":\"pt-BR\"}]}<\/script>\n<!-- \/ Yoast SEO plugin. -->","yoast_head_json":{"title":"Para voc\u00ea - Fretamento de \u00d4nibus","robots":{"index":"noindex","follow":"follow","max-snippet":"max-snippet:-1","max-image-preview":"max-image-preview:large","max-video-preview":"max-video-preview:-1"},"og_locale":"pt_BR","og_type":"article","og_title":"Para voc\u00ea - Fretamento de \u00d4nibus","og_description":"Obrigado por voc\u00ea chegar at\u00e9 aqui. Nossa equipe de vendas est\u00e1 pronto para atend\u00ea-lo! Veja algumas das solu\u00e7\u00f5es que temos para voc\u00ea: Excurs\u00f5es Transporte de passageiros para viagens municipais, estaduais e interestaduais. Fa\u00e7a desse dia um dia inesquec\u00edvel! Or\u00e7amento Estudantes Transporte de passageiros para estudantes. Invista na seguran\u00e7a e conforto dos seus filhos, n\u00e3o deixe [&hellip;]","og_url":"https:\/\/viacaolimaesilva.com.br\/?page_id=10312","og_site_name":"Fretamento de \u00d4nibus","article_modified_time":"2023-08-30T13:09:51+00:00","twitter_card":"summary_large_image","twitter_misc":{"Est. tempo de leitura":"1 minuto"},"schema":{"@context":"https:\/\/schema.org","@graph":[{"@type":"WebPage","@id":"https:\/\/viacaolimaesilva.com.br\/?page_id=10312","url":"https:\/\/viacaolimaesilva.com.br\/?page_id=10312","name":"Para voc\u00ea - Fretamento de \u00d4nibus","isPartOf":{"@id":"https:\/\/viacaolimaesilva.com.br\/#website"},"datePublished":"2017-10-09T10:10:00+00:00","dateModified":"2023-08-30T13:09:51+00:00","breadcrumb":{"@id":"https:\/\/viacaolimaesilva.com.br\/?page_id=10312#breadcrumb"},"inLanguage":"pt-BR","potentialAction":[{"@type":"ReadAction","target":["https:\/\/viacaolimaesilva.com.br\/?page_id=10312"]}]},{"@type":"BreadcrumbList","@id":"https:\/\/viacaolimaesilva.com.br\/?page_id=10312#breadcrumb","itemListElement":[{"@type":"ListItem","position":1,"name":"In\u00edcio","item":"https:\/\/viacaolimaesilva.com.br\/"},{"@type":"ListItem","position":2,"name":"Para voc\u00ea"}]},{"@type":"WebSite","@id":"https:\/\/viacaolimaesilva.com.br\/#website","url":"https:\/\/viacaolimaesilva.com.br\/","name":"Fretamento de \u00d4nibus","description":"Fretamento de \u00d4nibus, Micro e Vans.","potentialAction":[{"@type":"SearchAction","target":{"@type":"EntryPoint","urlTemplate":"https:\/\/viacaolimaesilva.com.br\/?s={search_term_string}"},"query-input":{"@type":"PropertyValueSpecification","valueRequired":true,"valueName":"search_term_string"}}],"inLanguage":"pt-BR"}]}},"_links":{"self":[{"href":"https:\/\/viacaolimaesilva.com.br\/index.php?rest_route=\/wp\/v2\/pages\/10312","targetHints":{"allow":["GET"]}}],"collection":[{"href":"https:\/\/viacaolimaesilva.com.br\/index.php?rest_route=\/wp\/v2\/pages"}],"about":[{"href":"https:\/\/viacaolimaesilva.com.br\/index.php?rest_route=\/wp\/v2\/types\/page"}],"author":[{"embeddable":true,"href":"https:\/\/viacaolimaesilva.com.br\/index.php?rest_route=\/wp\/v2\/users\/2"}],"replies":[{"embeddable":true,"href":"https:\/\/viacaolimaesilva.com.br\/index.php?rest_route=%2Fwp%2Fv2%2Fcomments&post=10312"}],"version-history":[{"count":9,"href":"https:\/\/viacaolimaesilva.com.br\/index.php?rest_route=\/wp\/v2\/pages\/10312\/revisions"}],"predecessor-version":[{"id":12893,"href":"https:\/\/viacaolimaesilva.com.br\/index.php?rest_route=\/wp\/v2\/pages\/10312\/revisions\/12893"}],"wp:attachment":[{"href":"https:\/\/viacaolimaesilva.com.br\/index.php?rest_route=%2Fwp%2Fv2%2Fmedia&parent=10312"}],"curies":[{"name":"wp","href":"https:\/\/api.w.org\/{rel}","templated":true}]}}