{"id":10362,"date":"2017-10-09T11:19:14","date_gmt":"2017-10-09T11:19:14","guid":{"rendered":"http:\/\/www.sitenovo.provisorio.ws\/site\/?page_id=10362"},"modified":"2023-08-30T13:06:12","modified_gmt":"2023-08-30T13:06:12","slug":"para-sua-empresa","status":"publish","type":"page","link":"https:\/\/viacaolimaesilva.com.br\/?page_id=10362","title":{"rendered":"Para sua Empresa"},"content":{"rendered":"\t\t<div data-elementor-type=\"wp-page\" data-elementor-id=\"10362\" class=\"elementor elementor-10362\" data-elementor-post-type=\"page\">\n\t\t\t\t\t\t<section class=\"elementor-section elementor-top-section elementor-element elementor-element-a5c8433 elementor-section-height-min-height elementor-section-boxed elementor-section-height-default elementor-section-items-middle\" data-id=\"a5c8433\" data-element_type=\"section\" data-settings=\"{&quot;background_background&quot;:&quot;classic&quot;}\">\n\t\t\t\t\t\t<div class=\"elementor-container elementor-column-gap-default\">\n\t\t\t\t\t<div class=\"elementor-column elementor-col-100 elementor-top-column elementor-element elementor-element-97ae0f5\" data-id=\"97ae0f5\" data-element_type=\"column\">\n\t\t\t<div class=\"elementor-widget-wrap elementor-element-populated\">\n\t\t\t\t\t\t<div class=\"elementor-element elementor-element-eacc6b8 elementor-headline--style-highlight elementor-widget elementor-widget-animated-headline\" data-id=\"eacc6b8\" data-element_type=\"widget\" data-settings=\"{&quot;marker&quot;:&quot;underline&quot;,&quot;highlighted_text&quot;:&quot;Para sua Empresa&quot;,&quot;headline_style&quot;:&quot;highlight&quot;,&quot;loop&quot;:&quot;yes&quot;,&quot;highlight_animation_duration&quot;:1200,&quot;highlight_iteration_delay&quot;:8000}\" data-widget_type=\"animated-headline.default\">\n\t\t\t\t<div class=\"elementor-widget-container\">\n\t\t\t\t\t\t\t<h3 class=\"elementor-headline\">\n\t\t\t\t<span class=\"elementor-headline-dynamic-wrapper elementor-headline-text-wrapper\">\n\t\t\t\t\t<span class=\"elementor-headline-dynamic-text elementor-headline-text-active\">Para sua Empresa<\/span>\n\t\t\t\t<\/span>\n\t\t\t\t<\/h3>\n\t\t\t\t\t\t<\/div>\n\t\t\t\t<\/div>\n\t\t\t\t\t<\/div>\n\t\t<\/div>\n\t\t\t\t\t<\/div>\n\t\t<\/section>\n\t\t\t\t<section class=\"elementor-section elementor-top-section elementor-element elementor-element-2f58e6f elementor-section-boxed elementor-section-height-default elementor-section-height-default\" data-id=\"2f58e6f\" data-element_type=\"section\">\n\t\t\t\t\t\t<div class=\"elementor-container elementor-column-gap-default\">\n\t\t\t\t\t<div class=\"elementor-column elementor-col-100 elementor-top-column elementor-element elementor-element-906748d\" data-id=\"906748d\" data-element_type=\"column\">\n\t\t\t<div class=\"elementor-widget-wrap elementor-element-populated\">\n\t\t\t\t\t\t<div class=\"elementor-element elementor-element-a15364a elementor-widget elementor-widget-text-editor\" data-id=\"a15364a\" data-element_type=\"widget\" data-widget_type=\"text-editor.default\">\n\t\t\t\t<div class=\"elementor-widget-container\">\n\t\t\t\t\t\t\t\t\t<h3><span style=\"color: #ea3639;\"><strong>Obrigado<\/strong><\/span> por voc\u00ea chegar at\u00e9 aqui. Nossa equipe de vendas est\u00e1 pronto para atend\u00ea-lo!<\/h3>\t\t\t\t\t\t\t\t<\/div>\n\t\t\t\t<\/div>\n\t\t\t\t\t<\/div>\n\t\t<\/div>\n\t\t\t\t\t<\/div>\n\t\t<\/section>\n\t\t\t\t<section class=\"elementor-section elementor-top-section elementor-element elementor-element-48729de9 elementor-section-boxed elementor-section-height-default elementor-section-height-default\" data-id=\"48729de9\" data-element_type=\"section\" data-settings=\"{&quot;background_background&quot;:&quot;classic&quot;}\">\n\t\t\t\t\t\t\t<div class=\"elementor-background-overlay\"><\/div>\n\t\t\t\t\t\t\t<div class=\"elementor-container elementor-column-gap-default\">\n\t\t\t\t\t<div class=\"elementor-column elementor-col-100 elementor-top-column elementor-element elementor-element-48612939\" data-id=\"48612939\" data-element_type=\"column\">\n\t\t\t<div class=\"elementor-widget-wrap elementor-element-populated\">\n\t\t\t\t\t\t<div class=\"elementor-element elementor-element-6e6a0f37 elementor-widget elementor-widget-jkit_heading\" data-id=\"6e6a0f37\" data-element_type=\"widget\" data-widget_type=\"jkit_heading.default\">\n\t\t\t\t<div class=\"elementor-widget-container\">\n\t\t\t\t\t<div  class=\"jeg-elementor-kit jkit-heading  align-center align-tablet-center align-mobile-center jeg_module___69e226c55139f\" ><div class=\"heading-section-title  display-inline-block\"><h2 class=\"heading-title\">Veja algumas das solu\u00e7\u00f5es que temos para <span class=\"style-color\"><span> sua empresa:<\/span><\/span><\/h2><\/div><\/div>\t\t\t\t<\/div>\n\t\t\t\t<\/div>\n\t\t\t\t<section class=\"elementor-section elementor-inner-section elementor-element elementor-element-5a97b4f9 animated-slow elementor-section-boxed elementor-section-height-default elementor-section-height-default elementor-invisible\" data-id=\"5a97b4f9\" data-element_type=\"section\" data-settings=\"{&quot;animation&quot;:&quot;fadeInUp&quot;}\">\n\t\t\t\t\t\t<div class=\"elementor-container elementor-column-gap-no\">\n\t\t\t\t\t<div class=\"elementor-column elementor-col-33 elementor-inner-column elementor-element elementor-element-7bc91d15\" data-id=\"7bc91d15\" data-element_type=\"column\">\n\t\t\t<div class=\"elementor-widget-wrap elementor-element-populated\">\n\t\t\t\t\t\t<div class=\"elementor-element elementor-element-739f4767 jkit-equal-height-disable elementor-widget elementor-widget-jkit_icon_box\" data-id=\"739f4767\" data-element_type=\"widget\" data-widget_type=\"jkit_icon_box.default\">\n\t\t\t\t<div class=\"elementor-widget-container\">\n\t\t\t\t\t<div  class=\"jeg-elementor-kit jkit-icon-box icon-position- elementor-animation- jeg_module__1_69e226c55af0b\" ><div class=\"jkit-icon-box-wrapper hover-from-bottom\"><div class=\"icon-box icon-box-header elementor-animation-\"><div class=\"icon style-color\"><i aria-hidden=\"true\" class=\"jki jki-factory-light\"><\/i><\/div><\/div><div class=\"icon-box icon-box-body\">\n                <h3 class=\"title\">Fretamentos para Ind\u00fastrias<\/h3><p class=\"icon-box-description\">Invista na sa\u00fade e na comodidade de seus colaboradores. Fa\u00e7a um or\u00e7amento e veja que nossos planos s\u00e3o os melhores!<\/p><div class=\"icon-box-button \">\n                <div class=\"btn-wrapper icon-position-after\">\n                    <a href=\"\/#orcamento\" class=\"icon-box-link\" aria-label=\"Or\u00e7amento\">Or\u00e7amento<svg viewBox=\"0 0 448 512\" xmlns=\"http:\/\/www.w3.org\/2000\/svg\"><path d=\"M190.5 66.9l22.2-22.2c9.4-9.4 24.6-9.4 33.9 0L441 239c9.4 9.4 9.4 24.6 0 33.9L246.6 467.3c-9.4 9.4-24.6 9.4-33.9 0l-22.2-22.2c-9.5-9.5-9.3-25 .4-34.3L311.4 296H24c-13.3 0-24-10.7-24-24v-32c0-13.3 10.7-24 24-24h287.4L190.9 101.2c-9.8-9.3-10-24.8-.4-34.3z\"><\/path><\/svg><\/a>\n                <\/div>\n            <\/div>\n            <\/div>\n            \n            <\/div><\/div>\t\t\t\t<\/div>\n\t\t\t\t<\/div>\n\t\t\t\t\t<\/div>\n\t\t<\/div>\n\t\t\t\t<div class=\"elementor-column elementor-col-33 elementor-inner-column elementor-element elementor-element-70636a70\" data-id=\"70636a70\" data-element_type=\"column\">\n\t\t\t<div class=\"elementor-widget-wrap elementor-element-populated\">\n\t\t\t\t\t\t<div class=\"elementor-element elementor-element-65c8d2f1 jkit-equal-height-disable elementor-widget elementor-widget-jkit_icon_box\" data-id=\"65c8d2f1\" data-element_type=\"widget\" data-widget_type=\"jkit_icon_box.default\">\n\t\t\t\t<div class=\"elementor-widget-container\">\n\t\t\t\t\t<div  class=\"jeg-elementor-kit jkit-icon-box icon-position- elementor-animation- jeg_module__2_69e226c55c83d\" ><div class=\"jkit-icon-box-wrapper hover-from-bottom\"><div class=\"icon-box icon-box-header elementor-animation-\"><div class=\"icon style-color\"><i aria-hidden=\"true\" class=\"jki jki-photo-camera1-light\"><\/i><\/div><\/div><div class=\"icon-box icon-box-body\">\n                <h3 class=\"title\">Excurs\u00f5es<\/h3><p class=\"icon-box-description\">\n\nPromova momentos de alegria aos seus colaboradores. Consulte nossos pacotes de turismo para empresas!<\/p><div class=\"icon-box-button \">\n                <div class=\"btn-wrapper icon-position-after\">\n                    <a href=\"\/#orcamento\" class=\"icon-box-link\" aria-label=\"Or\u00e7amento\">Or\u00e7amento<svg viewBox=\"0 0 448 512\" xmlns=\"http:\/\/www.w3.org\/2000\/svg\"><path d=\"M190.5 66.9l22.2-22.2c9.4-9.4 24.6-9.4 33.9 0L441 239c9.4 9.4 9.4 24.6 0 33.9L246.6 467.3c-9.4 9.4-24.6 9.4-33.9 0l-22.2-22.2c-9.5-9.5-9.3-25 .4-34.3L311.4 296H24c-13.3 0-24-10.7-24-24v-32c0-13.3 10.7-24 24-24h287.4L190.9 101.2c-9.8-9.3-10-24.8-.4-34.3z\"><\/path><\/svg><\/a>\n                <\/div>\n            <\/div>\n            <\/div>\n            \n            <\/div><\/div>\t\t\t\t<\/div>\n\t\t\t\t<\/div>\n\t\t\t\t\t<\/div>\n\t\t<\/div>\n\t\t\t\t<div class=\"elementor-column elementor-col-33 elementor-inner-column elementor-element elementor-element-67a2acc0\" data-id=\"67a2acc0\" data-element_type=\"column\">\n\t\t\t<div class=\"elementor-widget-wrap elementor-element-populated\">\n\t\t\t\t\t\t<div class=\"elementor-element elementor-element-5e393bae jkit-equal-height-disable elementor-widget elementor-widget-jkit_icon_box\" data-id=\"5e393bae\" data-element_type=\"widget\" data-widget_type=\"jkit_icon_box.default\">\n\t\t\t\t<div class=\"elementor-widget-container\">\n\t\t\t\t\t<div  class=\"jeg-elementor-kit jkit-icon-box icon-position- elementor-animation- jeg_module__3_69e226c55dbc3\" ><div class=\"jkit-icon-box-wrapper hover-from-bottom\"><div class=\"icon-box icon-box-header elementor-animation-\"><div class=\"icon style-color\"><i aria-hidden=\"true\" class=\"jki jki-car-2-light\"><\/i><\/div><\/div><div class=\"icon-box icon-box-body\">\n                <h3 class=\"title\">Carros Leves<\/h3><p class=\"icon-box-description\">\nTransporte de passageiros para viagens de Translado, Receptivo de Aeroporto etc. Ligamos voc\u00ea ao seu destino com agilidade e conforto!<\/p><div class=\"icon-box-button \">\n                <div class=\"btn-wrapper icon-position-after\">\n                    <a href=\"\/#orcamento\" class=\"icon-box-link\" aria-label=\"Or\u00e7amento\">Or\u00e7amento<svg viewBox=\"0 0 448 512\" xmlns=\"http:\/\/www.w3.org\/2000\/svg\"><path d=\"M190.5 66.9l22.2-22.2c9.4-9.4 24.6-9.4 33.9 0L441 239c9.4 9.4 9.4 24.6 0 33.9L246.6 467.3c-9.4 9.4-24.6 9.4-33.9 0l-22.2-22.2c-9.5-9.5-9.3-25 .4-34.3L311.4 296H24c-13.3 0-24-10.7-24-24v-32c0-13.3 10.7-24 24-24h287.4L190.9 101.2c-9.8-9.3-10-24.8-.4-34.3z\"><\/path><\/svg><\/a>\n                <\/div>\n            <\/div>\n            <\/div>\n            \n            <\/div><\/div>\t\t\t\t<\/div>\n\t\t\t\t<\/div>\n\t\t\t\t\t<\/div>\n\t\t<\/div>\n\t\t\t\t\t<\/div>\n\t\t<\/section>\n\t\t\t\t\t<\/div>\n\t\t<\/div>\n\t\t\t\t\t<\/div>\n\t\t<\/section>\n\t\t\t\t<\/div>\n\t\t","protected":false},"excerpt":{"rendered":"<p>Obrigado por voc\u00ea chegar at\u00e9 aqui. Nossa equipe de vendas est\u00e1 pronto para atend\u00ea-lo! Veja algumas das solu\u00e7\u00f5es que temos para sua empresa: Fretamentos para Ind\u00fastrias Invista na sa\u00fade e na comodidade de seus colaboradores. Fa\u00e7a um or\u00e7amento e veja que nossos planos s\u00e3o os melhores! Or\u00e7amento Excurs\u00f5es Promova momentos de alegria aos seus colaboradores. [&hellip;]<\/p>\n","protected":false},"author":2,"featured_media":0,"parent":0,"menu_order":0,"comment_status":"closed","ping_status":"closed","template":"elementor_header_footer","meta":{"footnotes":""},"class_list":["post-10362","page","type-page","status-publish","hentry"],"yoast_head":"<!-- This site is optimized with the Yoast SEO plugin v25.4 - https:\/\/yoast.com\/wordpress\/plugins\/seo\/ -->\n<title>Para sua Empresa - Fretamento de \u00d4nibus<\/title>\n<meta name=\"robots\" content=\"noindex, follow, max-snippet:-1, max-image-preview:large, max-video-preview:-1\" \/>\n<meta property=\"og:locale\" content=\"pt_BR\" \/>\n<meta property=\"og:type\" content=\"article\" \/>\n<meta property=\"og:title\" content=\"Para sua Empresa - Fretamento de \u00d4nibus\" \/>\n<meta property=\"og:description\" content=\"Obrigado por voc\u00ea chegar at\u00e9 aqui. Nossa equipe de vendas est\u00e1 pronto para atend\u00ea-lo! Veja algumas das solu\u00e7\u00f5es que temos para sua empresa: Fretamentos para Ind\u00fastrias Invista na sa\u00fade e na comodidade de seus colaboradores. Fa\u00e7a um or\u00e7amento e veja que nossos planos s\u00e3o os melhores! Or\u00e7amento Excurs\u00f5es Promova momentos de alegria aos seus colaboradores. [&hellip;]\" \/>\n<meta property=\"og:url\" content=\"https:\/\/viacaolimaesilva.com.br\/?page_id=10362\" \/>\n<meta property=\"og:site_name\" content=\"Fretamento de \u00d4nibus\" \/>\n<meta property=\"article:modified_time\" content=\"2023-08-30T13:06:12+00:00\" \/>\n<meta name=\"twitter:card\" content=\"summary_large_image\" \/>\n<meta name=\"twitter:label1\" content=\"Est. tempo de leitura\" \/>\n\t<meta name=\"twitter:data1\" content=\"1 minuto\" \/>\n<script type=\"application\/ld+json\" class=\"yoast-schema-graph\">{\"@context\":\"https:\/\/schema.org\",\"@graph\":[{\"@type\":\"WebPage\",\"@id\":\"https:\/\/viacaolimaesilva.com.br\/?page_id=10362\",\"url\":\"https:\/\/viacaolimaesilva.com.br\/?page_id=10362\",\"name\":\"Para sua Empresa - Fretamento de \u00d4nibus\",\"isPartOf\":{\"@id\":\"https:\/\/viacaolimaesilva.com.br\/#website\"},\"datePublished\":\"2017-10-09T11:19:14+00:00\",\"dateModified\":\"2023-08-30T13:06:12+00:00\",\"breadcrumb\":{\"@id\":\"https:\/\/viacaolimaesilva.com.br\/?page_id=10362#breadcrumb\"},\"inLanguage\":\"pt-BR\",\"potentialAction\":[{\"@type\":\"ReadAction\",\"target\":[\"https:\/\/viacaolimaesilva.com.br\/?page_id=10362\"]}]},{\"@type\":\"BreadcrumbList\",\"@id\":\"https:\/\/viacaolimaesilva.com.br\/?page_id=10362#breadcrumb\",\"itemListElement\":[{\"@type\":\"ListItem\",\"position\":1,\"name\":\"In\u00edcio\",\"item\":\"https:\/\/viacaolimaesilva.com.br\/\"},{\"@type\":\"ListItem\",\"position\":2,\"name\":\"Para sua Empresa\"}]},{\"@type\":\"WebSite\",\"@id\":\"https:\/\/viacaolimaesilva.com.br\/#website\",\"url\":\"https:\/\/viacaolimaesilva.com.br\/\",\"name\":\"Fretamento de \u00d4nibus\",\"description\":\"Fretamento de \u00d4nibus, Micro e Vans.\",\"potentialAction\":[{\"@type\":\"SearchAction\",\"target\":{\"@type\":\"EntryPoint\",\"urlTemplate\":\"https:\/\/viacaolimaesilva.com.br\/?s={search_term_string}\"},\"query-input\":{\"@type\":\"PropertyValueSpecification\",\"valueRequired\":true,\"valueName\":\"search_term_string\"}}],\"inLanguage\":\"pt-BR\"}]}<\/script>\n<!-- \/ Yoast SEO plugin. -->","yoast_head_json":{"title":"Para sua Empresa - Fretamento de \u00d4nibus","robots":{"index":"noindex","follow":"follow","max-snippet":"max-snippet:-1","max-image-preview":"max-image-preview:large","max-video-preview":"max-video-preview:-1"},"og_locale":"pt_BR","og_type":"article","og_title":"Para sua Empresa - Fretamento de \u00d4nibus","og_description":"Obrigado por voc\u00ea chegar at\u00e9 aqui. Nossa equipe de vendas est\u00e1 pronto para atend\u00ea-lo! Veja algumas das solu\u00e7\u00f5es que temos para sua empresa: Fretamentos para Ind\u00fastrias Invista na sa\u00fade e na comodidade de seus colaboradores. Fa\u00e7a um or\u00e7amento e veja que nossos planos s\u00e3o os melhores! Or\u00e7amento Excurs\u00f5es Promova momentos de alegria aos seus colaboradores. [&hellip;]","og_url":"https:\/\/viacaolimaesilva.com.br\/?page_id=10362","og_site_name":"Fretamento de \u00d4nibus","article_modified_time":"2023-08-30T13:06:12+00:00","twitter_card":"summary_large_image","twitter_misc":{"Est. tempo de leitura":"1 minuto"},"schema":{"@context":"https:\/\/schema.org","@graph":[{"@type":"WebPage","@id":"https:\/\/viacaolimaesilva.com.br\/?page_id=10362","url":"https:\/\/viacaolimaesilva.com.br\/?page_id=10362","name":"Para sua Empresa - Fretamento de \u00d4nibus","isPartOf":{"@id":"https:\/\/viacaolimaesilva.com.br\/#website"},"datePublished":"2017-10-09T11:19:14+00:00","dateModified":"2023-08-30T13:06:12+00:00","breadcrumb":{"@id":"https:\/\/viacaolimaesilva.com.br\/?page_id=10362#breadcrumb"},"inLanguage":"pt-BR","potentialAction":[{"@type":"ReadAction","target":["https:\/\/viacaolimaesilva.com.br\/?page_id=10362"]}]},{"@type":"BreadcrumbList","@id":"https:\/\/viacaolimaesilva.com.br\/?page_id=10362#breadcrumb","itemListElement":[{"@type":"ListItem","position":1,"name":"In\u00edcio","item":"https:\/\/viacaolimaesilva.com.br\/"},{"@type":"ListItem","position":2,"name":"Para sua Empresa"}]},{"@type":"WebSite","@id":"https:\/\/viacaolimaesilva.com.br\/#website","url":"https:\/\/viacaolimaesilva.com.br\/","name":"Fretamento de \u00d4nibus","description":"Fretamento de \u00d4nibus, Micro e Vans.","potentialAction":[{"@type":"SearchAction","target":{"@type":"EntryPoint","urlTemplate":"https:\/\/viacaolimaesilva.com.br\/?s={search_term_string}"},"query-input":{"@type":"PropertyValueSpecification","valueRequired":true,"valueName":"search_term_string"}}],"inLanguage":"pt-BR"}]}},"_links":{"self":[{"href":"https:\/\/viacaolimaesilva.com.br\/index.php?rest_route=\/wp\/v2\/pages\/10362","targetHints":{"allow":["GET"]}}],"collection":[{"href":"https:\/\/viacaolimaesilva.com.br\/index.php?rest_route=\/wp\/v2\/pages"}],"about":[{"href":"https:\/\/viacaolimaesilva.com.br\/index.php?rest_route=\/wp\/v2\/types\/page"}],"author":[{"embeddable":true,"href":"https:\/\/viacaolimaesilva.com.br\/index.php?rest_route=\/wp\/v2\/users\/2"}],"replies":[{"embeddable":true,"href":"https:\/\/viacaolimaesilva.com.br\/index.php?rest_route=%2Fwp%2Fv2%2Fcomments&post=10362"}],"version-history":[{"count":31,"href":"https:\/\/viacaolimaesilva.com.br\/index.php?rest_route=\/wp\/v2\/pages\/10362\/revisions"}],"predecessor-version":[{"id":12889,"href":"https:\/\/viacaolimaesilva.com.br\/index.php?rest_route=\/wp\/v2\/pages\/10362\/revisions\/12889"}],"wp:attachment":[{"href":"https:\/\/viacaolimaesilva.com.br\/index.php?rest_route=%2Fwp%2Fv2%2Fmedia&parent=10362"}],"curies":[{"name":"wp","href":"https:\/\/api.w.org\/{rel}","templated":true}]}}