{"id":9947,"date":"2017-08-14T21:35:26","date_gmt":"2017-08-14T21:35:26","guid":{"rendered":"http:\/\/www.sitenovo.provisorio.ws\/site\/?page_id=9947"},"modified":"2023-07-10T16:29:53","modified_gmt":"2023-07-10T16:29:53","slug":"trabalhe-conosco","status":"publish","type":"page","link":"https:\/\/viacaolimaesilva.com.br\/?page_id=9947","title":{"rendered":"Trabalhe Conosco"},"content":{"rendered":"\t\t<div data-elementor-type=\"wp-page\" data-elementor-id=\"9947\" class=\"elementor elementor-9947\" data-elementor-post-type=\"page\">\n\t\t\t\t\t\t<section class=\"elementor-section elementor-top-section elementor-element elementor-element-23bcc14 elementor-section-boxed elementor-section-height-default elementor-section-height-default\" data-id=\"23bcc14\" data-element_type=\"section\" data-settings=\"{&quot;background_background&quot;:&quot;classic&quot;}\">\n\t\t\t\t\t\t\t<div class=\"elementor-background-overlay\"><\/div>\n\t\t\t\t\t\t\t<div class=\"elementor-container elementor-column-gap-default\">\n\t\t\t\t\t<div class=\"elementor-column elementor-col-50 elementor-top-column elementor-element elementor-element-c60bdf7\" data-id=\"c60bdf7\" data-element_type=\"column\">\n\t\t\t<div class=\"elementor-widget-wrap elementor-element-populated\">\n\t\t\t\t\t\t<div class=\"elementor-element elementor-element-635f2b0 elementor-widget elementor-widget-heading\" data-id=\"635f2b0\" data-element_type=\"widget\" data-widget_type=\"heading.default\">\n\t\t\t\t<div class=\"elementor-widget-container\">\n\t\t\t\t\t<h2 class=\"elementor-heading-title elementor-size-default\">Trabalhe Conosco<\/h2>\t\t\t\t<\/div>\n\t\t\t\t<\/div>\n\t\t\t\t<div class=\"elementor-element elementor-element-65f9478 elementor-widget elementor-widget-text-editor\" data-id=\"65f9478\" data-element_type=\"widget\" data-widget_type=\"text-editor.default\">\n\t\t\t\t<div class=\"elementor-widget-container\">\n\t\t\t\t\t\t\t\t\t<p>Ser\u00e1 um prazer t\u00ea-lo como nosso colaborador<\/p>\t\t\t\t\t\t\t\t<\/div>\n\t\t\t\t<\/div>\n\t\t\t\t\t<\/div>\n\t\t<\/div>\n\t\t\t\t<div class=\"elementor-column elementor-col-50 elementor-top-column elementor-element elementor-element-0d36d01\" data-id=\"0d36d01\" data-element_type=\"column\">\n\t\t\t<div class=\"elementor-widget-wrap elementor-element-populated\">\n\t\t\t\t\t\t<div class=\"elementor-element elementor-element-802f5bd elementor-icon-list--layout-inline elementor-align-right elementor-mobile-align-center elementor-list-item-link-full_width elementor-widget elementor-widget-icon-list\" data-id=\"802f5bd\" data-element_type=\"widget\" data-widget_type=\"icon-list.default\">\n\t\t\t\t<div class=\"elementor-widget-container\">\n\t\t\t\t\t\t\t<ul class=\"elementor-icon-list-items elementor-inline-items\">\n\t\t\t\t\t\t\t<li class=\"elementor-icon-list-item elementor-inline-item\">\n\t\t\t\t\t\t\t\t\t\t<span class=\"elementor-icon-list-text\">Home<\/span>\n\t\t\t\t\t\t\t\t\t<\/li>\n\t\t\t\t\t\t\t\t<li class=\"elementor-icon-list-item elementor-inline-item\">\n\t\t\t\t\t\t\t\t\t\t\t<span class=\"elementor-icon-list-icon\">\n\t\t\t\t\t\t\t<i aria-hidden=\"true\" class=\"jki jki-chevrons-right-line\"><\/i>\t\t\t\t\t\t<\/span>\n\t\t\t\t\t\t\t\t\t\t<span class=\"elementor-icon-list-text\">Trabalhe Conosco<\/span>\n\t\t\t\t\t\t\t\t\t<\/li>\n\t\t\t\t\t\t<\/ul>\n\t\t\t\t\t\t<\/div>\n\t\t\t\t<\/div>\n\t\t\t\t\t<\/div>\n\t\t<\/div>\n\t\t\t\t\t<\/div>\n\t\t<\/section>\n\t\t\t\t<section class=\"elementor-section elementor-top-section elementor-element elementor-element-633b68d elementor-section-boxed elementor-section-height-default elementor-section-height-default\" data-id=\"633b68d\" data-element_type=\"section\">\n\t\t\t\t\t\t<div class=\"elementor-container elementor-column-gap-default\">\n\t\t\t\t\t<div class=\"elementor-column elementor-col-100 elementor-top-column elementor-element elementor-element-02822fa\" data-id=\"02822fa\" data-element_type=\"column\">\n\t\t\t<div class=\"elementor-widget-wrap elementor-element-populated\">\n\t\t\t\t\t\t<div class=\"elementor-element elementor-element-b0bc13e elementor-widget elementor-widget-shortcode\" data-id=\"b0bc13e\" data-element_type=\"widget\" data-widget_type=\"shortcode.default\">\n\t\t\t\t<div class=\"elementor-widget-container\">\n\t\t\t\t\t\t\t<div class=\"elementor-shortcode\"><style>\n    .ff_conv_app_3 { background-color: #FFFFFF; }.ff_conv_app_3 .ffc-counter-div span { color: #EA3639; }.ff_conv_app_3 .ffc-counter-div .counter-icon-span svg { fill: #EA3639 !important; }.ff_conv_app_3 .f-label-wrap, .ff_conv_app_3 .f-answer { color: #EA3639 !important; }.ff_conv_app_3 .f-label-wrap .f-key { border-color: #EA3639 !important; }.ff_conv_app_3 .f-label-wrap .f-key-hint { border-color: #EA3639 !important; }.ff_conv_app_3 .f-answer .f-radios-wrap ul li { background-color: rgba(234,54,57, 0.1) !important; border: 1px solid #EA3639; }.ff_conv_app_3 .f-answer .f-radios-wrap ul li:focus { background-color: rgba(234,54,57, 0.3) !important }.ff_conv_app_3 .f-answer .f-radios-wrap ul li:hover { background-color: rgba(234,54,57, 0.3) !important }.ff_conv_app_3 .f-answer .f-radios-wrap ul li.f-selected .f-key { background-color: #EA3639 !important; color: white; }.ff_conv_app_3 .f-answer .f-radios-wrap ul li.f-selected .f-key-hint { background-color: #EA3639; }.ff_conv_app_3 .f-answer .f-radios-wrap ul li.f-selected svg { fill: #EA3639 !important; }.ff_conv_app_3 .f-answer input, .ff_conv_app_3 .f-answer textarea{ color: #EA3639 !important; box-shadow: #EA3639  0px 1px; }.ff_conv_app_3 .f-answer input:focus, .ff_conv_app_3 .f-answer textarea:focus { box-shadow: #EA3639  0px 2px !important; }.ff_conv_app_3 .f-answer textarea::placeholder, .ff_conv_app_3 .f-answer input::placeholder { color: #EA3639 !important; }.ff_conv_app_3 .text-success { color: #EA3639 !important; }.ff_conv_app_3 .f-answer .f-matrix-table tbody td { background-color: rgba(234,54,57, 0.1); }.ff_conv_app_3 .f-answer .f-matrix-table input { border-color: rgba(234,54,57, 0.8); }.ff_conv_app_3 .f-answer .f-matrix-table input.f-radio-control:checked::after { background-color: #EA3639; }.ff_conv_app_3 .f-answer .f-matrix-table input:focus::before { border-color: #EA3639; }.ff_conv_app_3 .f-answer .f-matrix-table input.f-checkbox-control:checked { background-color: #EA3639; }.ff_conv_app_3 .f-answer .f-matrix-table tbody tr::after { border-right-color: #EA3639; }.ff_conv_app_3 .f-answer .f-matrix-table .f-table-cell.f-row-cell { box-shadow: rgba(234,54,57, 0.1) 0px 0px 0px 100vh inset; }.ff_conv_app_3 .f-answer .ff_file_upload_field_wrap { background-color: rgba(234,54,57, 0.1); border-color: rgba(234,54,57, 0.8); }.ff_conv_app_3 .f-answer .ff_file_upload_field_wrap:hover { background-color: rgba(234,54,57, 0.3);}.ff_conv_app_3 .f-answer .ff_file_upload_field_wrap:focus-within { background-color: rgba(234,54,57, 0.3); }.ff_conv_app_3 .f-answer .ff-upload-preview { border-color: rgba(234,54,57, 0.8); }.ff_conv_app_3 .f-answer .ff-upload-preview .ff-upload-thumb { background-color: rgba(234,54,57, 0.3); }.ff_conv_app_3 .f-answer .ff-upload-preview .ff-upload-details { border-left-color: rgba(234,54,57, 0.8); }.ff_conv_app_3 .f-answer .ff-upload-preview .ff-upload-details .ff-el-progress { border-left-color: rgba(234,54,57, 0.8); }.ff_conv_app_3 .f-answer .ff-upload-preview .ff-upload-details .ff-el-progress { background-color: rgba(234,54,57, 0.1); }.ff_conv_app_3 .f-answer .ff-upload-preview .ff-upload-details .ff-el-progress .ff-el-progress-bar { background-color: #EA3639; }.ff_conv_app_3 .f-answer .f-star-wrap .f-star-field-wrap::before { background-color: #EA3639; }.ff_conv_app_3 .f-answer .f-star-wrap .f-star-field-wrap .f-star-field .f-star-field-star .symbolOutline { fill: #EA3639; }.ff_conv_app_3 .f-answer .f-star-wrap .f-star-field-wrap .f-star-field .f-star-field-rating { color: #EA3639; }.ff_conv_app_3 .f-answer .f-star-wrap .f-star-field-wrap.is-hovered .symbolFill { fill: rgba(234,54,57, 0.1); }.ff_conv_app_3 .f-answer .f-star-wrap .f-star-field-wrap.is-selected .symbolFill { fill: #EA3639; }.ff_conv_app_3 .f-answer .f-payment-summary-wrap tbody td { background-color: rgba(234,54,57, 0.1); }.ff_conv_app_3 .f-answer .f-payment-summary-wrap tfoot th { background-color: rgba(234,54,57, 0.1); }.ff_conv_app_3 .f-answer .stripe-inline-holder { border-bottom: 1px solid #EA3639; }.ff_conv_app_3 .f-answer .StripeElement--focus { border-bottom: 2.5px solid #EA3639; }.ff_conv_app_3 .ff_conv_input .f-info { color: #EA3639; }.ff_conv_app_3 .f-answer .el-slider__runway {background-color: #EA3639;}.ff_conv_app_3 .fh2 .f-text { color: #191919; }.ff_conv_app_3 .fh2 .f-tagline, .ff_conv_app_3 .f-sub .f-help { color: rgba(25,25,25, 0.70); }.ff_conv_app_3 .fh2 .stripe-inline-header { color: #191919; }.ff_conv_app_3 .q-inner .o-btn-action, .ff_conv_app_3 .footer-inner-wrap .f-nav { background-color: #EA3639; }.ff_conv_app_3 .q-inner .o-btn-action span, .ff_conv_app_3 .footer-inner-wrap .f-nav a { color: #FFFFFF; } .ff_conv_app_3 .f-enter .f-enter-desc { color: #EA3639; }.ff_conv_app_3 .footer-inner-wrap .f-nav a svg { fill: #FFFFFF; }.ff_conv_app_3 .vff-footer .f-progress-bar { background-color: rgba(234,54,57, 0.3); }.ff_conv_app_3 .vff-footer .f-progress-bar-inner { background-color: #EA3639; }.ff_conv_app_3 .q-inner .o-btn-action:hover { background-color: #EA3639D6; }.ff_conv_app_3 .q-inner .o-btn-action:focus::after { border-radius: 6px; inset: -3px; box-shadow: #EA3639 0px 0px 0px 2px; }.ff_conv_app_3 .f-answer .f-radios-wrap ul li.f-selected .f-key { color: #FFFFFF; }.ff_conv_app_3 .footer-inner-wrap .f-nav a.ffc_power { display: none !important; }.ff_conv_app_3 .f-radios .f-key { display: flex !important; } .ff-btn-submit { background-color: #409EFF; color: #ffffff; }<\/style>\n<div class=\"ffc_conv_wrapper ffc_inline_form\">\n    <div class=\"frm-fluent-form ff_conv_app fluent_form_3 ff_conv_app_frame ff_conv_app_3 ffc_media_hide_mob_no\" data-form_id=\"3\">\n        <div data-var_name=\"fluent_forms_global_var_1\" class=\"ffc_conv_form\" style=\"width: 100%\" id=\"ffc_app_instance_1\"><\/div>\n    <\/div>\n<\/div><\/div>\n\t\t\t\t\t\t<\/div>\n\t\t\t\t<\/div>\n\t\t\t\t\t<\/div>\n\t\t<\/div>\n\t\t\t\t\t<\/div>\n\t\t<\/section>\n\t\t\t\t<\/div>\n\t\t","protected":false},"excerpt":{"rendered":"<p>Trabalhe Conosco Ser\u00e1 um prazer t\u00ea-lo como nosso colaborador Home Trabalhe Conosco<\/p>\n","protected":false},"author":2,"featured_media":0,"parent":0,"menu_order":0,"comment_status":"closed","ping_status":"closed","template":"","meta":{"footnotes":""},"class_list":["post-9947","page","type-page","status-publish","hentry"],"yoast_head":"<!-- This site is optimized with the Yoast SEO plugin v25.4 - https:\/\/yoast.com\/wordpress\/plugins\/seo\/ -->\n<title>Trabalhe Conosco - Fretamento de \u00d4nibus<\/title>\n<meta name=\"robots\" content=\"noindex, follow, max-snippet:-1, max-image-preview:large, max-video-preview:-1\" \/>\n<meta property=\"og:locale\" content=\"pt_BR\" \/>\n<meta property=\"og:type\" content=\"article\" \/>\n<meta property=\"og:title\" content=\"Trabalhe Conosco - Fretamento de \u00d4nibus\" \/>\n<meta property=\"og:description\" content=\"Trabalhe Conosco Ser\u00e1 um prazer t\u00ea-lo como nosso colaborador Home Trabalhe Conosco\" \/>\n<meta property=\"og:url\" content=\"https:\/\/viacaolimaesilva.com.br\/?page_id=9947\" \/>\n<meta property=\"og:site_name\" content=\"Fretamento de \u00d4nibus\" \/>\n<meta property=\"article:modified_time\" content=\"2023-07-10T16:29:53+00:00\" \/>\n<meta name=\"twitter:card\" content=\"summary_large_image\" \/>\n<meta name=\"twitter:label1\" content=\"Est. tempo de leitura\" \/>\n\t<meta name=\"twitter:data1\" content=\"1 minuto\" \/>\n<script type=\"application\/ld+json\" class=\"yoast-schema-graph\">{\"@context\":\"https:\/\/schema.org\",\"@graph\":[{\"@type\":\"WebPage\",\"@id\":\"https:\/\/viacaolimaesilva.com.br\/?page_id=9947\",\"url\":\"https:\/\/viacaolimaesilva.com.br\/?page_id=9947\",\"name\":\"Trabalhe Conosco - Fretamento de \u00d4nibus\",\"isPartOf\":{\"@id\":\"https:\/\/viacaolimaesilva.com.br\/#website\"},\"datePublished\":\"2017-08-14T21:35:26+00:00\",\"dateModified\":\"2023-07-10T16:29:53+00:00\",\"breadcrumb\":{\"@id\":\"https:\/\/viacaolimaesilva.com.br\/?page_id=9947#breadcrumb\"},\"inLanguage\":\"pt-BR\",\"potentialAction\":[{\"@type\":\"ReadAction\",\"target\":[\"https:\/\/viacaolimaesilva.com.br\/?page_id=9947\"]}]},{\"@type\":\"BreadcrumbList\",\"@id\":\"https:\/\/viacaolimaesilva.com.br\/?page_id=9947#breadcrumb\",\"itemListElement\":[{\"@type\":\"ListItem\",\"position\":1,\"name\":\"In\u00edcio\",\"item\":\"https:\/\/viacaolimaesilva.com.br\/\"},{\"@type\":\"ListItem\",\"position\":2,\"name\":\"Trabalhe Conosco\"}]},{\"@type\":\"WebSite\",\"@id\":\"https:\/\/viacaolimaesilva.com.br\/#website\",\"url\":\"https:\/\/viacaolimaesilva.com.br\/\",\"name\":\"Fretamento de \u00d4nibus\",\"description\":\"Fretamento de \u00d4nibus, Micro e Vans.\",\"potentialAction\":[{\"@type\":\"SearchAction\",\"target\":{\"@type\":\"EntryPoint\",\"urlTemplate\":\"https:\/\/viacaolimaesilva.com.br\/?s={search_term_string}\"},\"query-input\":{\"@type\":\"PropertyValueSpecification\",\"valueRequired\":true,\"valueName\":\"search_term_string\"}}],\"inLanguage\":\"pt-BR\"}]}<\/script>\n<!-- \/ Yoast SEO plugin. -->","yoast_head_json":{"title":"Trabalhe Conosco - Fretamento de \u00d4nibus","robots":{"index":"noindex","follow":"follow","max-snippet":"max-snippet:-1","max-image-preview":"max-image-preview:large","max-video-preview":"max-video-preview:-1"},"og_locale":"pt_BR","og_type":"article","og_title":"Trabalhe Conosco - Fretamento de \u00d4nibus","og_description":"Trabalhe Conosco Ser\u00e1 um prazer t\u00ea-lo como nosso colaborador Home Trabalhe Conosco","og_url":"https:\/\/viacaolimaesilva.com.br\/?page_id=9947","og_site_name":"Fretamento de \u00d4nibus","article_modified_time":"2023-07-10T16:29:53+00:00","twitter_card":"summary_large_image","twitter_misc":{"Est. tempo de leitura":"1 minuto"},"schema":{"@context":"https:\/\/schema.org","@graph":[{"@type":"WebPage","@id":"https:\/\/viacaolimaesilva.com.br\/?page_id=9947","url":"https:\/\/viacaolimaesilva.com.br\/?page_id=9947","name":"Trabalhe Conosco - Fretamento de \u00d4nibus","isPartOf":{"@id":"https:\/\/viacaolimaesilva.com.br\/#website"},"datePublished":"2017-08-14T21:35:26+00:00","dateModified":"2023-07-10T16:29:53+00:00","breadcrumb":{"@id":"https:\/\/viacaolimaesilva.com.br\/?page_id=9947#breadcrumb"},"inLanguage":"pt-BR","potentialAction":[{"@type":"ReadAction","target":["https:\/\/viacaolimaesilva.com.br\/?page_id=9947"]}]},{"@type":"BreadcrumbList","@id":"https:\/\/viacaolimaesilva.com.br\/?page_id=9947#breadcrumb","itemListElement":[{"@type":"ListItem","position":1,"name":"In\u00edcio","item":"https:\/\/viacaolimaesilva.com.br\/"},{"@type":"ListItem","position":2,"name":"Trabalhe Conosco"}]},{"@type":"WebSite","@id":"https:\/\/viacaolimaesilva.com.br\/#website","url":"https:\/\/viacaolimaesilva.com.br\/","name":"Fretamento de \u00d4nibus","description":"Fretamento de \u00d4nibus, Micro e Vans.","potentialAction":[{"@type":"SearchAction","target":{"@type":"EntryPoint","urlTemplate":"https:\/\/viacaolimaesilva.com.br\/?s={search_term_string}"},"query-input":{"@type":"PropertyValueSpecification","valueRequired":true,"valueName":"search_term_string"}}],"inLanguage":"pt-BR"}]}},"_links":{"self":[{"href":"https:\/\/viacaolimaesilva.com.br\/index.php?rest_route=\/wp\/v2\/pages\/9947","targetHints":{"allow":["GET"]}}],"collection":[{"href":"https:\/\/viacaolimaesilva.com.br\/index.php?rest_route=\/wp\/v2\/pages"}],"about":[{"href":"https:\/\/viacaolimaesilva.com.br\/index.php?rest_route=\/wp\/v2\/types\/page"}],"author":[{"embeddable":true,"href":"https:\/\/viacaolimaesilva.com.br\/index.php?rest_route=\/wp\/v2\/users\/2"}],"replies":[{"embeddable":true,"href":"https:\/\/viacaolimaesilva.com.br\/index.php?rest_route=%2Fwp%2Fv2%2Fcomments&post=9947"}],"version-history":[{"count":21,"href":"https:\/\/viacaolimaesilva.com.br\/index.php?rest_route=\/wp\/v2\/pages\/9947\/revisions"}],"predecessor-version":[{"id":12831,"href":"https:\/\/viacaolimaesilva.com.br\/index.php?rest_route=\/wp\/v2\/pages\/9947\/revisions\/12831"}],"wp:attachment":[{"href":"https:\/\/viacaolimaesilva.com.br\/index.php?rest_route=%2Fwp%2Fv2%2Fmedia&parent=9947"}],"curies":[{"name":"wp","href":"https:\/\/api.w.org\/{rel}","templated":true}]}}